{"id":72325,"date":"2026-01-17T10:09:47","date_gmt":"2026-01-17T09:09:47","guid":{"rendered":"https:\/\/larochelle.delicatisserie.com\/produit\/tahiti-pandan-vanilla\/"},"modified":"2026-02-06T20:21:58","modified_gmt":"2026-02-06T19:21:58","slug":"tahiti-pandan-vanilla","status":"publish","type":"product","link":"https:\/\/larochelle.delicatisserie.com\/en\/product\/tahiti-pandan-vanilla\/","title":{"rendered":"Tahiti pandan vanilla"},"content":{"rendered":"<p style=\"padding-bottom: 0; font-weight: 300;\">A harmonious encounter, full of sweetness and freshness, between the roundness of pandan and the delicacy of the floral notes of Tahitian vanilla, enhanced by a play of textures.<\/p>\n<p style=\"padding-bottom: 0; color: #846d00; font-weight: 300;\">Individual<\/p>\n","protected":false},"excerpt":{"rendered":"<p style=\"padding-bottom: 0; font-weight: 300;\">A harmonious encounter, full of sweetness and freshness, between the roundness of pandan and the delicacy of the floral notes of Tahitian vanilla, enhanced by a play of textures.<\/p>\n<p style=\"padding-bottom: 0; font-variant: small-caps!important;\">Cripsy with roasted millet seeds, roasted almond, cr\u00eapes dentelles, Linnolat almond plant-based chocolate, fleur de sel. Soft vanilla* biscuit. Cr\u00e9meux with cream infused with fresh pandan leaf. Vanilla* bavaroise. DeZaan Crimson Red cocoa Ganache Mont\u00e9e. Decoration: white chocolate velvet, a milk chocolate pastille and cocoa nibs.      *From Carine Vairaaroa Yip&#8217;s family plantation, Vanylle Tahiti.<\/p>\n<p style=\"padding-bottom: 0; color: #846d00; font-weight: 300;\">Individual.<\/p>\n<p style=\"padding-bottom: 0; font-variant: small-caps!important;\">Allergens: gluten, egg, milk, nuts, soya, fish gelatine.<\/p>\n","protected":false},"featured_media":72136,"template":"","meta":{"_et_pb_use_builder":"","_et_pb_old_content":"","_et_gb_content_width":""},"product_brand":[],"product_cat":[67],"product_tag":[215],"class_list":{"0":"post-72325","1":"product","2":"type-product","3":"status-publish","4":"has-post-thumbnail","6":"product_cat-seasonal-creations","7":"product_tag-2026-en","9":"first","10":"outofstock","11":"taxable","12":"shipping-taxable","13":"purchasable","14":"product-type-simple"},"group_of_quantity":0,"min_quantity":0,"max_quantity":"","exclude_order_quantity_value_rules":"no","exclude_category_quantity_rules":"no","combine_variations":"no","exclude_global_add_ons":[],"addons":[],"_links":{"self":[{"href":"https:\/\/larochelle.delicatisserie.com\/en\/wp-json\/wp\/v2\/product\/72325","targetHints":{"allow":["GET"]}}],"collection":[{"href":"https:\/\/larochelle.delicatisserie.com\/en\/wp-json\/wp\/v2\/product"}],"about":[{"href":"https:\/\/larochelle.delicatisserie.com\/en\/wp-json\/wp\/v2\/types\/product"}],"wp:featuredmedia":[{"embeddable":true,"href":"https:\/\/larochelle.delicatisserie.com\/en\/wp-json\/wp\/v2\/media\/72136"}],"wp:attachment":[{"href":"https:\/\/larochelle.delicatisserie.com\/en\/wp-json\/wp\/v2\/media?parent=72325"}],"wp:term":[{"taxonomy":"product_brand","embeddable":true,"href":"https:\/\/larochelle.delicatisserie.com\/en\/wp-json\/wp\/v2\/product_brand?post=72325"},{"taxonomy":"product_cat","embeddable":true,"href":"https:\/\/larochelle.delicatisserie.com\/en\/wp-json\/wp\/v2\/product_cat?post=72325"},{"taxonomy":"product_tag","embeddable":true,"href":"https:\/\/larochelle.delicatisserie.com\/en\/wp-json\/wp\/v2\/product_tag?post=72325"}],"curies":[{"name":"wp","href":"https:\/\/api.w.org\/{rel}","templated":true}]}}